{"id":542,"date":"2017-11-20T23:55:48","date_gmt":"2017-11-20T16:55:48","guid":{"rendered":"http:\/\/evergreenhuahin.kajahdus.fi\/yoga-travels"},"modified":"2017-12-04T19:53:27","modified_gmt":"2017-12-04T12:53:27","slug":"jooga-matkat","status":"publish","type":"page","link":"https:\/\/evergreenhuahin.com\/fi\/teema-matkat\/jooga-matkat","title":{"rendered":"Joogamatkat"},"content":{"rendered":"[vc_row type=&#8221;full_width_background&#8221; full_screen_row_position=&#8221;middle&#8221; bg_image=&#8221;471&#8243; bg_position=&#8221;center center&#8221; bg_repeat=&#8221;no-repeat&#8221; scene_position=&#8221;center&#8221; text_color=&#8221;light&#8221; text_align=&#8221;left&#8221; top_padding=&#8221;250&#8243; bottom_padding=&#8221;150&#8243; color_overlay=&#8221;#000000&#8243; overlay_strength=&#8221;0.3&#8243; enable_shape_divider=&#8221;true&#8221; shape_divider_color=&#8221;#ffffff&#8221; shape_divider_position=&#8221;bottom&#8221; shape_divider_height=&#8221;150&#8243; shape_divider_bring_to_front=&#8221;true&#8221; shape_type=&#8221;waves_opacity_alt&#8221;][vc_column column_padding=&#8221;no-extra-padding&#8221; column_padding_position=&#8221;all&#8221; background_color_opacity=&#8221;1&#8243; background_hover_color_opacity=&#8221;1&#8243; column_shadow=&#8221;none&#8221; column_border_radius=&#8221;none&#8221; width=&#8221;1\/1&#8243; tablet_text_alignment=&#8221;default&#8221; phone_text_alignment=&#8221;default&#8221; column_border_width=&#8221;none&#8221; column_border_style=&#8221;solid&#8221;][vc_column_text]\n<h1>Joogamatkat<\/h1>\n[\/vc_column_text][\/vc_column][\/vc_row][vc_row type=&#8221;in_container&#8221; full_screen_row_position=&#8221;middle&#8221; equal_height=&#8221;yes&#8221; content_placement=&#8221;middle&#8221; scene_position=&#8221;center&#8221; text_color=&#8221;dark&#8221; text_align=&#8221;left&#8221; top_padding=&#8221;75&#8243; bottom_padding=&#8221;75&#8243; id=&#8221;yoga&#8221; overlay_strength=&#8221;0.3&#8243; shape_divider_position=&#8221;top&#8221; shape_type=&#8221;waves_opacity&#8221;][vc_column column_padding=&#8221;no-extra-padding&#8221; column_padding_position=&#8221;right&#8221; background_color_opacity=&#8221;1&#8243; background_hover_color_opacity=&#8221;1&#8243; column_shadow=&#8221;none&#8221; column_border_radius=&#8221;none&#8221; width=&#8221;1\/2&#8243; tablet_text_alignment=&#8221;default&#8221; phone_text_alignment=&#8221;default&#8221; column_border_width=&#8221;none&#8221; column_border_style=&#8221;solid&#8221;][vc_column_text]\n<h2>Joogaretriitit<\/h2>\n[\/vc_column_text][divider line_type=&#8221;Full Width Line&#8221; line_thickness=&#8221;3&#8243; divider_color=&#8221;accent-color&#8221; animate=&#8221;yes&#8221; custom_height=&#8221;50&#8243;][vc_column_text]<strong>Rentouttava joogaretriittimme on tarkoitettu kaikille, jotka ovat kiinnostuneita t\u00e4st\u00e4 ikivanhasta metodista!<\/strong><\/p>\n<p>Retriittiin kuuluu flow-joogaa, yin-joogaa ja yin &amp; yang -joogaa. Lis\u00e4ksi tehd\u00e4\u00e4n pranayama-hengitys- harjoituksia. Tunnit ohjaa aina sertifioitu joogaopettaja.<\/p>\n<p>Jokainen joogatunti on r\u00e4\u00e4t\u00e4l\u00f6ity tietyn teeman mukaan ja siihen kuuluu sek\u00e4 alku- ett\u00e4 loppurentoutus. Harjoitukset sopivat kaiken tasoisille joogaajille eli asennoista tarjotaan jokaisen kehoa palvelevia vaihtoehtoja.<\/p>\n<p>Tutustumme my\u00f6s yleisimpiin pranayama hengitys- harjoituksiin, joista osaa teemme aamulla kehoa her\u00e4ttelev\u00e4n joogaharjoituksen yhteydess\u00e4 ja osaa illalla jotta mieli ja keho rauhoittuu y\u00f6t\u00e4 varten.<\/p>\n<p>Retriitin tarkoitus on vahvistaa oman kehon ja mielen yhteytt\u00e4, sek\u00e4 inspiroida sinua ottamaan jooga ja tietoinen l\u00e4sn\u00e4olo mukaasi joka p\u00e4iv\u00e4iseen arkeen t\u00e4m\u00e4n hemmotteluloman j\u00e4lkeenkin!<\/p>\n<p>J\u00e4rjest\u00e4mme koko matkasuunnitelman sis\u00e4lt\u00e4en lennot, aikataulut, ruuat ja joogaohjelman toiveidesi mukaan,<\/p>\n<p>Anna meid\u00e4n suunnitella sinulle unohtumaton joogalomamatkapaketti Hua Hinin uskomattomissa maisemissa![\/vc_column_text][divider line_type=&#8221;No Line&#8221; custom_height=&#8221;30&#8243;][nectar_btn size=&#8221;large&#8221; button_style=&#8221;regular&#8221; button_color_2=&#8221;Accent-Color&#8221; icon_family=&#8221;none&#8221; url=&#8221;\/fi\/tarjous&#8221; text=&#8221;Pyyd\u00e4 tarjous&#8221;][\/vc_column][vc_column column_padding=&#8221;no-extra-padding&#8221; column_padding_position=&#8221;all&#8221; background_color_opacity=&#8221;1&#8243; background_hover_color_opacity=&#8221;1&#8243; background_image=&#8221;485&#8243; enable_bg_scale=&#8221;true&#8221; column_shadow=&#8221;none&#8221; column_border_radius=&#8221;none&#8221; width=&#8221;1\/2&#8243; tablet_text_alignment=&#8221;default&#8221; phone_text_alignment=&#8221;default&#8221; column_border_width=&#8221;none&#8221; column_border_style=&#8221;solid&#8221;][\/vc_column][\/vc_row][vc_row type=&#8221;in_container&#8221; full_screen_row_position=&#8221;middle&#8221; scene_position=&#8221;center&#8221; text_color=&#8221;dark&#8221; text_align=&#8221;left&#8221; class=&#8221;markki&#8221; overlay_strength=&#8221;0.3&#8243; shape_divider_position=&#8221;bottom&#8221; shape_type=&#8221;&#8221;][vc_column centered_text=&#8221;true&#8221; column_padding=&#8221;padding-5-percent&#8221; column_padding_position=&#8221;all&#8221; background_color=&#8221;#f9f9f9&#8243; background_color_opacity=&#8221;1&#8243; background_hover_color_opacity=&#8221;1&#8243; column_shadow=&#8221;none&#8221; column_border_radius=&#8221;none&#8221; width=&#8221;1\/1&#8243; tablet_text_alignment=&#8221;default&#8221; phone_text_alignment=&#8221;default&#8221; column_border_width=&#8221;none&#8221; column_border_style=&#8221;solid&#8221;][nectar_single_testimonial testimonial_style=&#8221;small_modern&#8221; color=&#8221;Default&#8221; quote=&#8221;Vaikeat toivomukset toteutamme v\u00e4litt\u00f6m\u00e4sti \u2013 mahdottomissa saattaa menn\u00e4 v\u00e4h\u00e4n pitemp\u00e4\u00e4n.&#8221; name=&#8221;MOTTOMME&#8221;][\/vc_column][\/vc_row][vc_row type=&#8221;in_container&#8221; full_screen_row_position=&#8221;middle&#8221; scene_position=&#8221;center&#8221; text_color=&#8221;dark&#8221; text_align=&#8221;left&#8221; bottom_padding=&#8221;50&#8243; overlay_strength=&#8221;0.3&#8243; shape_divider_position=&#8221;bottom&#8221; shape_type=&#8221;&#8221;][vc_column centered_text=&#8221;true&#8221; column_padding=&#8221;no-extra-padding&#8221; column_padding_position=&#8221;all&#8221; background_color_opacity=&#8221;1&#8243; background_hover_color_opacity=&#8221;1&#8243; column_shadow=&#8221;none&#8221; column_border_radius=&#8221;none&#8221; width=&#8221;1\/1&#8243; tablet_text_alignment=&#8221;default&#8221; phone_text_alignment=&#8221;default&#8221; column_border_width=&#8221;none&#8221; column_border_style=&#8221;solid&#8221;][nectar_btn size=&#8221;jumbo&#8221; button_style=&#8221;regular&#8221; button_color_2=&#8221;Accent-Color&#8221; icon_family=&#8221;none&#8221; el_class=&#8221;fullbutton&#8221; url=&#8221;\/fi\/varaa-huone&#8221; text=&#8221;Tee huonevaraus&#8221; margin_top=&#8221;30&#8243; css_animation=&#8221;pulse&#8221;][\/vc_column][\/vc_row]\n","protected":false},"excerpt":{"rendered":"<p>[vc_row type=&#8221;full_width_background&#8221; full_screen_row_position=&#8221;middle&#8221; bg_image=&#8221;471&#8243; bg_position=&#8221;center center&#8221; bg_repeat=&#8221;no-repeat&#8221; scene_position=&#8221;center&#8221; text_color=&#8221;light&#8221; text_align=&#8221;left&#8221; top_padding=&#8221;250&#8243; bottom_padding=&#8221;150&#8243; color_overlay=&#8221;#000000&#8243; overlay_strength=&#8221;0.3&#8243; enable_shape_divider=&#8221;true&#8221; shape_divider_color=&#8221;#ffffff&#8221; shape_divider_position=&#8221;bottom&#8221; shape_divider_height=&#8221;150&#8243; shape_divider_bring_to_front=&#8221;true&#8221; shape_type=&#8221;waves_opacity_alt&#8221;][vc_column column_padding=&#8221;no-extra-padding&#8221; column_padding_position=&#8221;all&#8221; background_color_opacity=&#8221;1&#8243; background_hover_color_opacity=&#8221;1&#8243; column_shadow=&#8221;none&#8221; column_border_radius=&#8221;none&#8221; width=&#8221;1\/1&#8243; tablet_text_alignment=&#8221;default&#8221; phone_text_alignment=&#8221;default&#8221; column_border_width=&#8221;none&#8221;&#8230;<\/p>\n","protected":false},"author":3,"featured_media":0,"parent":543,"menu_order":0,"comment_status":"closed","ping_status":"closed","template":"","meta":{"footnotes":""},"class_list":["post-542","page","type-page","status-publish"],"_links":{"self":[{"href":"https:\/\/evergreenhuahin.com\/fi\/wp-json\/wp\/v2\/pages\/542","targetHints":{"allow":["GET"]}}],"collection":[{"href":"https:\/\/evergreenhuahin.com\/fi\/wp-json\/wp\/v2\/pages"}],"about":[{"href":"https:\/\/evergreenhuahin.com\/fi\/wp-json\/wp\/v2\/types\/page"}],"author":[{"embeddable":true,"href":"https:\/\/evergreenhuahin.com\/fi\/wp-json\/wp\/v2\/users\/3"}],"replies":[{"embeddable":true,"href":"https:\/\/evergreenhuahin.com\/fi\/wp-json\/wp\/v2\/comments?post=542"}],"version-history":[{"count":3,"href":"https:\/\/evergreenhuahin.com\/fi\/wp-json\/wp\/v2\/pages\/542\/revisions"}],"predecessor-version":[{"id":619,"href":"https:\/\/evergreenhuahin.com\/fi\/wp-json\/wp\/v2\/pages\/542\/revisions\/619"}],"up":[{"embeddable":true,"href":"https:\/\/evergreenhuahin.com\/fi\/wp-json\/wp\/v2\/pages\/543"}],"wp:attachment":[{"href":"https:\/\/evergreenhuahin.com\/fi\/wp-json\/wp\/v2\/media?parent=542"}],"curies":[{"name":"wp","href":"https:\/\/api.w.org\/{rel}","templated":true}]}}