{"id":547,"date":"2017-11-05T20:32:06","date_gmt":"2017-11-05T13:32:06","guid":{"rendered":"http:\/\/evergreenhuahin.kajahdus.fi\/make-a-reservation"},"modified":"2021-06-21T14:13:48","modified_gmt":"2021-06-21T07:13:48","slug":"varaa-huone","status":"publish","type":"page","link":"https:\/\/evergreenhuahin.com\/fi\/varaa-huone","title":{"rendered":"Tee huonevaraus"},"content":{"rendered":"[vc_row type=&#8221;full_width_background&#8221; full_screen_row_position=&#8221;middle&#8221; column_margin=&#8221;default&#8221; column_direction=&#8221;default&#8221; column_direction_tablet=&#8221;default&#8221; column_direction_phone=&#8221;default&#8221; bg_image=&#8221;134&#8243; bg_position=&#8221;center center&#8221; background_image_loading=&#8221;default&#8221; bg_repeat=&#8221;no-repeat&#8221; scene_position=&#8221;center&#8221; top_padding=&#8221;250&#8243; bottom_padding=&#8221;150&#8243; text_color=&#8221;light&#8221; text_align=&#8221;left&#8221; row_border_radius=&#8221;none&#8221; row_border_radius_applies=&#8221;bg&#8221; color_overlay=&#8221;#000000&#8243; overlay_strength=&#8221;0.5&#8243; gradient_direction=&#8221;left_to_right&#8221; enable_shape_divider=&#8221;true&#8221; shape_divider_color=&#8221;#ffffff&#8221; shape_divider_position=&#8221;bottom&#8221; shape_divider_height=&#8221;150&#8243; shape_divider_bring_to_front=&#8221;true&#8221; bg_image_animation=&#8221;none&#8221; shape_type=&#8221;waves_opacity_alt&#8221;][vc_column column_padding=&#8221;no-extra-padding&#8221; column_padding_tablet=&#8221;inherit&#8221; column_padding_phone=&#8221;inherit&#8221; column_padding_position=&#8221;all&#8221; column_element_spacing=&#8221;default&#8221; background_color_opacity=&#8221;1&#8243; background_hover_color_opacity=&#8221;1&#8243; column_shadow=&#8221;none&#8221; column_border_radius=&#8221;none&#8221; column_link_target=&#8221;_self&#8221; gradient_direction=&#8221;left_to_right&#8221; overlay_strength=&#8221;0.3&#8243; width=&#8221;1\/1&#8243; tablet_width_inherit=&#8221;default&#8221; tablet_text_alignment=&#8221;default&#8221; phone_text_alignment=&#8221;default&#8221; bg_image_animation=&#8221;none&#8221; border_type=&#8221;simple&#8221; column_border_width=&#8221;none&#8221; column_border_style=&#8221;solid&#8221;][vc_column_text]\n<h1>Huonevaraus &amp; hinnat<\/h1>\n[\/vc_column_text][\/vc_column][\/vc_row][vc_row type=&#8221;in_container&#8221; full_screen_row_position=&#8221;middle&#8221; column_margin=&#8221;default&#8221; column_direction=&#8221;default&#8221; column_direction_tablet=&#8221;default&#8221; column_direction_phone=&#8221;default&#8221; scene_position=&#8221;center&#8221; top_padding=&#8221;50&#8243; bottom_padding=&#8221;50&#8243; text_color=&#8221;dark&#8221; text_align=&#8221;left&#8221; row_border_radius=&#8221;none&#8221; row_border_radius_applies=&#8221;bg&#8221; overlay_strength=&#8221;0.3&#8243; gradient_direction=&#8221;left_to_right&#8221; shape_divider_position=&#8221;top&#8221; bg_image_animation=&#8221;none&#8221; shape_type=&#8221;waves_opacity&#8221;][vc_column column_padding=&#8221;padding-2-percent&#8221; column_padding_tablet=&#8221;inherit&#8221; column_padding_phone=&#8221;inherit&#8221; column_padding_position=&#8221;right&#8221; column_element_spacing=&#8221;default&#8221; background_color_opacity=&#8221;1&#8243; background_hover_color_opacity=&#8221;1&#8243; column_shadow=&#8221;none&#8221; column_border_radius=&#8221;none&#8221; column_link_target=&#8221;_self&#8221; gradient_direction=&#8221;left_to_right&#8221; overlay_strength=&#8221;0.3&#8243; width=&#8221;1\/2&#8243; tablet_width_inherit=&#8221;default&#8221; tablet_text_alignment=&#8221;default&#8221; phone_text_alignment=&#8221;default&#8221; bg_image_animation=&#8221;none&#8221; border_type=&#8221;simple&#8221; column_border_width=&#8221;none&#8221; column_border_style=&#8221;solid&#8221;][vc_column_text]\n<h2>Tee huonevaraus<\/h2>\n[\/vc_column_text][divider line_type=&#8221;Small Line&#8221; line_alignment=&#8221;default&#8221; line_thickness=&#8221;3&#8243; divider_color=&#8221;accent-color&#8221; animate=&#8221;yes&#8221; custom_height=&#8221;50&#8243; custom_line_width=&#8221;400&#8243;][vc_column_text]\n<h3>Ole hyv\u00e4 ja t\u00e4yt\u00e4 lomake tehd\u00e4ksesi huonevarauksen tai kyselyn, vastaamme sinulle 24 tunnin sis\u00e4ll\u00e4.<\/h3>\n[\/vc_column_text][divider line_type=&#8221;No Line&#8221; custom_height=&#8221;30&#8243;]\n<div class=\"wpcf7 no-js\" id=\"wpcf7-f598-o1\" lang=\"en-US\" dir=\"ltr\" data-wpcf7-id=\"598\">\n<div class=\"screen-reader-response\"><p role=\"status\" aria-live=\"polite\" aria-atomic=\"true\"><\/p> <ul><\/ul><\/div>\n<form action=\"\/fi\/wp-json\/wp\/v2\/pages\/547#wpcf7-f598-o1\" method=\"post\" class=\"wpcf7-form init\" aria-label=\"Contact form\" novalidate=\"novalidate\" data-status=\"init\">\n<fieldset class=\"hidden-fields-container\"><input type=\"hidden\" name=\"_wpcf7\" value=\"598\" \/><input type=\"hidden\" name=\"_wpcf7_version\" value=\"6.1.5\" \/><input type=\"hidden\" name=\"_wpcf7_locale\" value=\"en_US\" \/><input type=\"hidden\" name=\"_wpcf7_unit_tag\" value=\"wpcf7-f598-o1\" \/><input type=\"hidden\" name=\"_wpcf7_container_post\" value=\"0\" \/><input type=\"hidden\" name=\"_wpcf7_posted_data_hash\" value=\"\" \/>\n<\/fieldset>\n<p><label> Etu- ja sukunimi (vaaditaan)<br \/>\n<span class=\"wpcf7-form-control-wrap\" data-name=\"your-name\"><input size=\"40\" maxlength=\"400\" class=\"wpcf7-form-control wpcf7-text wpcf7-validates-as-required\" aria-required=\"true\" aria-invalid=\"false\" value=\"\" type=\"text\" name=\"your-name\" \/><\/span> <\/label>\n<\/p>\n<p><label> S\u00e4hk\u00f6postiosoite (vaaditaan)<br \/>\n<span class=\"wpcf7-form-control-wrap\" data-name=\"your-email\"><input size=\"40\" maxlength=\"400\" class=\"wpcf7-form-control wpcf7-email wpcf7-validates-as-required wpcf7-text wpcf7-validates-as-email\" aria-required=\"true\" aria-invalid=\"false\" value=\"\" type=\"email\" name=\"your-email\" \/><\/span> <\/label>\n<\/p>\n<p><label> Puhelinnumero (vaaditaan)<br \/>\n<span class=\"wpcf7-form-control-wrap\" data-name=\"phone\"><input size=\"40\" maxlength=\"400\" class=\"wpcf7-form-control wpcf7-text wpcf7-validates-as-required\" aria-required=\"true\" aria-invalid=\"false\" value=\"\" type=\"text\" name=\"phone\" \/><\/span> <\/label>\n<\/p>\n<p>[datetime* checkin date-format:mm\/dd\/yy time-format:HH:mm first-day:1 placeholder \"Check In\"]\n<\/p>\n<p>[datetime* checkout date-format:mm\/dd\/yy time-format:HH:mm first-day:1 placeholder \"Check Out\"]\n<\/p>\n<p><label> Henkil\u00f6m\u00e4\u00e4r\u00e4 (vaaditaan)<br \/>\n<span class=\"wpcf7-form-control-wrap\" data-name=\"people\"><input size=\"40\" maxlength=\"400\" class=\"wpcf7-form-control wpcf7-text wpcf7-validates-as-required\" aria-required=\"true\" aria-invalid=\"false\" value=\"\" type=\"text\" name=\"people\" \/><\/span> <\/label>\n<\/p>\n<p><label> Lis\u00e4toiveet ja vapaamuotoinen viesti<br \/>\n<span class=\"wpcf7-form-control-wrap\" data-name=\"your-message\"><textarea cols=\"40\" rows=\"10\" maxlength=\"2000\" class=\"wpcf7-form-control wpcf7-textarea\" aria-invalid=\"false\" name=\"your-message\"><\/textarea><\/span> <\/label>\n<\/p>\n<div class=\"g-recaptcha\" data-sitekey=\"6LeIRTcUAAAAAFrSDoDFGzr9gwrEXShpjpAXQSgr\">\n<\/div>\n<p><input class=\"wpcf7-form-control wpcf7-submit has-spinner\" type=\"submit\" value=\"L\u00e4het\u00e4\" \/>\n<\/p><div class=\"wpcf7-response-output\" aria-hidden=\"true\"><\/div>\n<\/form>\n<\/div>\n[\/vc_column][vc_column column_padding=&#8221;no-extra-padding&#8221; column_padding_tablet=&#8221;inherit&#8221; column_padding_phone=&#8221;inherit&#8221; column_padding_position=&#8221;all&#8221; column_element_spacing=&#8221;default&#8221; background_color_opacity=&#8221;1&#8243; background_hover_color_opacity=&#8221;1&#8243; column_shadow=&#8221;none&#8221; column_border_radius=&#8221;none&#8221; column_link_target=&#8221;_self&#8221; gradient_direction=&#8221;left_to_right&#8221; overlay_strength=&#8221;0.3&#8243; width=&#8221;1\/2&#8243; tablet_width_inherit=&#8221;default&#8221; tablet_text_alignment=&#8221;default&#8221; phone_text_alignment=&#8221;default&#8221; bg_image_animation=&#8221;none&#8221; border_type=&#8221;simple&#8221; column_border_width=&#8221;none&#8221; column_border_style=&#8221;solid&#8221;][vc_column_text]\n<h2>Huonehinnat<\/h2>\n[\/vc_column_text][divider line_type=&#8221;Small Line&#8221; line_alignment=&#8221;default&#8221; line_thickness=&#8221;3&#8243; divider_color=&#8221;accent-color&#8221; animate=&#8221;yes&#8221; custom_height=&#8221;50&#8243; custom_line_width=&#8221;400&#8243;][vc_column_text]\n<h3>Hinta \/ huone \/ y\u00f6 sis\u00e4lt\u00e4en aamiaisen kahdelle sek\u00e4 kaikki verot ja maksut.<\/h3>\n[\/vc_column_text][pricing_table style=&#8221;default&#8221;][pricing_column highlight=&#8221;true&#8221; color=&#8221;Accent-Color&#8221; title=&#8221;Double&#8221; id=&#8221;1624259602933-0&#8243; tab_id=&#8221;1624259602934-5&#8243; price=&#8221;1 300&#8243; currency_symbol=&#8221;THB&#8221; interval=&#8221;1.3. &#8211; 31.10.&#8221; highlight_reason=&#8221;Matala sesonki&#8221;][\/pricing_column][pricing_column highlight=&#8221;true&#8221; color=&#8221;Accent-Color&#8221; title=&#8221;Suite&#8221; id=&#8221;1624259602953-5&#8243; tab_id=&#8221;1624259602953-6&#8243; price=&#8221;1 600&#8243; currency_symbol=&#8221;THB&#8221; highlight_reason=&#8221;Matala sesonki&#8221; interval=&#8221;1.3. &#8211; 31.10.&#8221;][\/pricing_column][\/pricing_table][pricing_table style=&#8221;default&#8221;][pricing_column highlight=&#8221;true&#8221; color=&#8221;Accent-Color&#8221; title=&#8221;Double&#8221; id=&#8221;1624259602972-2&#8243; tab_id=&#8221;1624259602973-0&#8243; price=&#8221;1 800&#8243; currency_symbol=&#8221;THB&#8221; interval=&#8221;1.11. &#8211; 28.2.&#8221; highlight_reason=&#8221;Korkea sesonki&#8221;][\/pricing_column][pricing_column highlight=&#8221;true&#8221; color=&#8221;Accent-Color&#8221; title=&#8221;Suite&#8221; id=&#8221;1624259602987-3&#8243; tab_id=&#8221;1624259602987-3&#8243; price=&#8221;2 200&#8243; currency_symbol=&#8221;THB&#8221; highlight_reason=&#8221;Korkea sesonki&#8221; interval=&#8221;1.11. &#8211; 28.2.&#8221;][\/pricing_column][\/pricing_table][vc_column_text]\n<h3>Jos tilaus perutaan 40 p\u00e4iv\u00e4\u00e4 ennen saapumista niin veloitamme 40% hinnasta jos kaksi viikkoa ennen niin veloitamme koko hinnan.<\/h3>\n<h3>Maksuv\u00e4linein\u00e4 k\u00e4y k\u00e4teisen lis\u00e4ksi Visa ja Mastercard.<\/h3>\n[\/vc_column_text][image_with_animation image_url=&#8221;319&#8243; animation=&#8221;None&#8221; hover_animation=&#8221;none&#8221; alignment=&#8221;&#8221; border_radius=&#8221;none&#8221; box_shadow=&#8221;none&#8221; image_loading=&#8221;default&#8221; max_width=&#8221;100%&#8221; max_width_mobile=&#8221;default&#8221;][\/vc_column][\/vc_row]\n","protected":false},"excerpt":{"rendered":"<p>[vc_row type=&#8221;full_width_background&#8221; full_screen_row_position=&#8221;middle&#8221; column_margin=&#8221;default&#8221; column_direction=&#8221;default&#8221; column_direction_tablet=&#8221;default&#8221; column_direction_phone=&#8221;default&#8221; bg_image=&#8221;134&#8243; bg_position=&#8221;center center&#8221; background_image_loading=&#8221;default&#8221; bg_repeat=&#8221;no-repeat&#8221; scene_position=&#8221;center&#8221; top_padding=&#8221;250&#8243; bottom_padding=&#8221;150&#8243; text_color=&#8221;light&#8221; text_align=&#8221;left&#8221; row_border_radius=&#8221;none&#8221; row_border_radius_applies=&#8221;bg&#8221; color_overlay=&#8221;#000000&#8243; overlay_strength=&#8221;0.5&#8243; gradient_direction=&#8221;left_to_right&#8221; enable_shape_divider=&#8221;true&#8221; shape_divider_color=&#8221;#ffffff&#8221; shape_divider_position=&#8221;bottom&#8221; shape_divider_height=&#8221;150&#8243; shape_divider_bring_to_front=&#8221;true&#8221; bg_image_animation=&#8221;none&#8221; shape_type=&#8221;waves_opacity_alt&#8221;][vc_column column_padding=&#8221;no-extra-padding&#8221;&#8230;<\/p>\n","protected":false},"author":3,"featured_media":0,"parent":0,"menu_order":0,"comment_status":"closed","ping_status":"closed","template":"","meta":{"footnotes":""},"class_list":["post-547","page","type-page","status-publish"],"_links":{"self":[{"href":"https:\/\/evergreenhuahin.com\/fi\/wp-json\/wp\/v2\/pages\/547","targetHints":{"allow":["GET"]}}],"collection":[{"href":"https:\/\/evergreenhuahin.com\/fi\/wp-json\/wp\/v2\/pages"}],"about":[{"href":"https:\/\/evergreenhuahin.com\/fi\/wp-json\/wp\/v2\/types\/page"}],"author":[{"embeddable":true,"href":"https:\/\/evergreenhuahin.com\/fi\/wp-json\/wp\/v2\/users\/3"}],"replies":[{"embeddable":true,"href":"https:\/\/evergreenhuahin.com\/fi\/wp-json\/wp\/v2\/comments?post=547"}],"version-history":[{"count":6,"href":"https:\/\/evergreenhuahin.com\/fi\/wp-json\/wp\/v2\/pages\/547\/revisions"}],"predecessor-version":[{"id":739,"href":"https:\/\/evergreenhuahin.com\/fi\/wp-json\/wp\/v2\/pages\/547\/revisions\/739"}],"wp:attachment":[{"href":"https:\/\/evergreenhuahin.com\/fi\/wp-json\/wp\/v2\/media?parent=547"}],"curies":[{"name":"wp","href":"https:\/\/api.w.org\/{rel}","templated":true}]}}