{"id":549,"date":"2017-11-02T20:30:25","date_gmt":"2017-11-02T13:30:25","guid":{"rendered":"http:\/\/evergreenhuahin.kajahdus.fi\/services"},"modified":"2017-12-04T19:47:07","modified_gmt":"2017-12-04T12:47:07","slug":"palvelut","status":"publish","type":"page","link":"https:\/\/evergreenhuahin.com\/fi\/palvelut","title":{"rendered":"Palvelut"},"content":{"rendered":"[vc_row type=&#8221;full_width_background&#8221; full_screen_row_position=&#8221;middle&#8221; bg_image=&#8221;238&#8243; bg_position=&#8221;center center&#8221; bg_repeat=&#8221;no-repeat&#8221; scene_position=&#8221;center&#8221; text_color=&#8221;light&#8221; text_align=&#8221;left&#8221; top_padding=&#8221;250&#8243; bottom_padding=&#8221;150&#8243; color_overlay=&#8221;#000000&#8243; overlay_strength=&#8221;0.5&#8243; enable_shape_divider=&#8221;true&#8221; shape_divider_color=&#8221;#ffffff&#8221; shape_divider_position=&#8221;bottom&#8221; shape_divider_height=&#8221;150&#8243; shape_divider_bring_to_front=&#8221;true&#8221; shape_type=&#8221;waves_opacity_alt&#8221;][vc_column column_padding=&#8221;no-extra-padding&#8221; column_padding_position=&#8221;all&#8221; background_color_opacity=&#8221;1&#8243; background_hover_color_opacity=&#8221;1&#8243; column_shadow=&#8221;none&#8221; column_border_radius=&#8221;none&#8221; width=&#8221;1\/1&#8243; tablet_text_alignment=&#8221;default&#8221; phone_text_alignment=&#8221;default&#8221; column_border_width=&#8221;none&#8221; column_border_style=&#8221;solid&#8221;][vc_column_text]\n<h1>Palvelut ja tilat<\/h1>\n[\/vc_column_text][\/vc_column][\/vc_row][vc_row type=&#8221;in_container&#8221; full_screen_row_position=&#8221;middle&#8221; scene_position=&#8221;center&#8221; text_color=&#8221;dark&#8221; text_align=&#8221;left&#8221; top_padding=&#8221;50&#8243; overlay_strength=&#8221;0.3&#8243; shape_divider_position=&#8221;top&#8221; shape_type=&#8221;waves_opacity&#8221;][vc_column column_padding=&#8221;padding-2-percent&#8221; column_padding_position=&#8221;right&#8221; background_color_opacity=&#8221;1&#8243; background_hover_color_opacity=&#8221;1&#8243; column_shadow=&#8221;none&#8221; column_border_radius=&#8221;none&#8221; width=&#8221;1\/2&#8243; tablet_text_alignment=&#8221;default&#8221; phone_text_alignment=&#8221;default&#8221; column_border_width=&#8221;none&#8221; column_border_style=&#8221;solid&#8221;][vc_column_text]\n<h2>Aamiainen, uima-allas, baari&#8230;<\/h2>\n[\/vc_column_text][divider line_type=&#8221;Small Line&#8221; line_thickness=&#8221;3&#8243; divider_color=&#8221;accent-color&#8221; animate=&#8221;yes&#8221; custom_height=&#8221;50&#8243; custom_line_width=&#8221;400&#8243;][vc_column_text]Huoneen hintaan sis\u00e4ltyy runsas aamiainen joka tarjoillaan baarin yhteydess\u00e4 7.30-10.30. Erityistoivomukset aamiaisen suhteen otetaan mahdollisuuksien mukaan huomioon. Jos haluat aamiaisen ennen puoli kahdeksaa, teemme vaikkapa voileipi\u00e4 edellisen\u00e4 iltana. Teet\u00e4 ja kahvia l\u00f6ytyy huoneesta.<\/p>\n<p>Allasbaari on avoinna 07.30 \u2013 21.00. Se on vieraiden tapaamispaikka jossa voi keskustella p\u00e4iv\u00e4n tapahtumista vaikkapa lasillisen \u00e4\u00e4ress\u00e4. Allasbaarissa on myos TV josta n\u00e4kyy runsaasti eri urheilu- ja elokuvakanavia.<\/p>\n<p>Y\u00f6portieerilta saa huoneenlaskuun juotavaa l\u00e4pi y\u00f6n. Baarin laskun voit pit\u00e4\u00e4 avoimena l\u00e4ht\u00f6p\u00e4iv\u00e4\u00e4n. Ja muistathan ottaa nukkuvat vieraat huomioon \u00f6iseen aikaan&#8230;<\/p>\n<p>Kun haluat puhtaan pyyhkeen, j\u00e4t\u00e4 vanha lattialle ennen huoneen siivousta.<br \/>\nPesemme lakanat joka kolmas p\u00e4iv\u00e4. Jos haluat puhtaat lakanat ennen pyykkip\u00e4iv\u00e4\u00e4, huomauta asiasta henkil\u00f6kunnalle.[\/vc_column_text][\/vc_column][vc_column column_padding=&#8221;no-extra-padding&#8221; column_padding_position=&#8221;all&#8221; background_color_opacity=&#8221;1&#8243; background_hover_color_opacity=&#8221;1&#8243; column_shadow=&#8221;none&#8221; column_border_radius=&#8221;none&#8221; width=&#8221;1\/2&#8243; tablet_text_alignment=&#8221;default&#8221; phone_text_alignment=&#8221;default&#8221; column_border_width=&#8221;none&#8221; column_border_style=&#8221;solid&#8221;][vc_gallery type=&#8221;parallax_image_grid&#8221; images=&#8221;242,243,244,245&#8243; img_size=&#8221;600&#215;400&#8243;][\/vc_column][\/vc_row][vc_row type=&#8221;in_container&#8221; full_screen_row_position=&#8221;middle&#8221; scene_position=&#8221;center&#8221; text_color=&#8221;dark&#8221; text_align=&#8221;left&#8221; top_padding=&#8221;50&#8243; overlay_strength=&#8221;0.3&#8243; shape_divider_position=&#8221;top&#8221; shape_type=&#8221;waves_opacity&#8221;][vc_column column_padding=&#8221;padding-2-percent&#8221; column_padding_position=&#8221;right&#8221; background_color_opacity=&#8221;1&#8243; background_hover_color_opacity=&#8221;1&#8243; column_shadow=&#8221;none&#8221; column_border_radius=&#8221;none&#8221; width=&#8221;1\/2&#8243; tablet_text_alignment=&#8221;default&#8221; phone_text_alignment=&#8221;default&#8221; column_border_width=&#8221;none&#8221; column_border_style=&#8221;solid&#8221;][vc_column_text]\n<h2>Lis\u00e4\u00e4 palveluistamme<\/h2>\n[\/vc_column_text][divider line_type=&#8221;Small Line&#8221; line_thickness=&#8221;3&#8243; divider_color=&#8221;accent-color&#8221; animate=&#8221;yes&#8221; custom_height=&#8221;50&#8243; custom_line_width=&#8221;400&#8243;][vc_column_text]<strong>Vastaanotto<\/strong><\/p>\n<ul>\n<li>On yhdistetty baariin. Respan tyt\u00f6t ovat kaikki kotoisin Hua Hinist\u00e4 ja puhuvat paikalliseen tasoon n\u00e4hden hyv\u00e4\u00e4 englantia, suomeksi kovin syv\u00e4llinen keskustelu ei viel\u00e4 oikein suju. Jos asia ei silti selvi\u00e4, pyyd\u00e4 soittamaan Ollille.<\/li>\n<li>Henkil\u00f6kuntaa kannustetaan kohtelemaan vieraita kuin yst\u00e4vi\u00e4. Teemme kaikkemme auttaaksemme sinua nauttimaan lomastasi, kuten auttaisimme kavereitamme.<\/li>\n<\/ul>\n<p><b>Uima-allas<\/b><\/p>\n<ul>\n<li>On vieraiden k\u00e4yt\u00f6ss\u00e4 07-23 v\u00e4lisen\u00e4 aikana.<\/li>\n<li>HUOM! Altaan syvyys on 140 cm. \u00c4L\u00c4 SUKELLA!<\/li>\n<li>Jos satut kaikesta huolimatta vahingossa pulahtamaan y\u00f6uinnille, otathan huomioon nukkuvat vieraat&#8230;<\/li>\n<\/ul>\n<p><strong>Pesula<\/strong><\/p>\n<ul>\n<li>Vaatekaapista l\u00f6ytyy pyykkipussi ja pesulalista. T\u00e4n\u00e4\u00e4n vastaanottoon toimitetut pyykit saapuvat normaalisti huomenna iltap\u00e4iv\u00e4ll\u00e4. Jos tarvitset pikaisempaa palvelua, kerro respan tyt\u00f6ille.<\/li>\n<\/ul>\n<p><strong>Suihku<\/strong><\/p>\n<ul>\n<li>K\u00e4yt\u00e4mme suihkuissa \u201dlow-flow\u201d -hajottimia helpottaaksemme Hua Hiniss\u00e4 etenkin talviaikaan usein vallitsevaa vesipulaa. Vedenpaine- ja l\u00e4mp\u00f6tila on s\u00e4\u00e4dett\u00e4viss\u00e4 suihkulaitteen s\u00e4\u00e4t\u00f6py\u00f6rist\u00e4.<\/li>\n<\/ul>\n<p><b>Tallelokero<\/b><\/p>\n<ul>\n<li>Anna koodi seuraavasti: Paina oven sis\u00e4reunassa saranapuolella olevaa nappia ja anna merkki\u00e4\u00e4nen j\u00e4lkeen koodi (4 NUMEROA ). Ovi lukitaan ja avataan kiert\u00e4m\u00e4ll\u00e4 lukituspy\u00f6r\u00e4\u00e4.<\/li>\n<li>Jos laitteeseen tulee h\u00e4iri\u00f6 tai unohdat tunnuslukusi, hotellin kassakaapista l\u00f6ytyy vara-avain.<\/li>\n<\/ul>\n<p><em><strong>Evergreenin henkil\u00f6kunta toivottaa sinulle rentoa lomaa! <\/strong><\/em>[\/vc_column_text][\/vc_column][vc_column column_padding=&#8221;no-extra-padding&#8221; column_padding_position=&#8221;all&#8221; background_color_opacity=&#8221;1&#8243; background_hover_color_opacity=&#8221;1&#8243; column_shadow=&#8221;none&#8221; column_border_radius=&#8221;none&#8221; width=&#8221;1\/2&#8243; tablet_text_alignment=&#8221;default&#8221; phone_text_alignment=&#8221;default&#8221; column_border_width=&#8221;none&#8221; column_border_style=&#8221;solid&#8221;][vc_column_text]\n<h2>Kysytyimm\u00e4t palvelumme<\/h2>\n[\/vc_column_text][divider line_type=&#8221;Small Line&#8221; line_thickness=&#8221;3&#8243; divider_color=&#8221;accent-color&#8221; animate=&#8221;yes&#8221; custom_height=&#8221;50&#8243; custom_line_width=&#8221;400&#8243;][vc_column_text]Kuten sanottu, tahdomme palvella vieraitamme kaikissa mahdollisissa ja mahdottomissa asioissa. T\u00e4ss\u00e4 listaa useimmin kysytyist\u00e4 palveluista:<\/p>\n<ul>\n<li>Golfpalvelut (ks. \u201dGolf-matkat\u201d)<\/li>\n<li>Kuljetuspalvelut (lentokent\u00e4lle, golfkentille, ostoskohteisiin, n\u00e4ht\u00e4vyyksille)<\/li>\n<li>Harrastukset ja retket (norsusafari, ratsastus, vesijetti, maastom\u00f6nkij\u00e4,<\/li>\n<li>Temppelit, vanha kuninkaanlinna&#8230;)<\/li>\n<li>Huonepalvelu (huikkaa tilauksesi tyt\u00f6ille)<\/li>\n<li>Thaihieronta<\/li>\n<li>P\u00f6yt\u00e4varaukset<\/li>\n<li>Matkat muihin kohteisiin (Koh Tao, Koh Samui&#8230;)<\/li>\n<\/ul>\n[\/vc_column_text][divider line_type=&#8221;No Line&#8221; custom_height=&#8221;20&#8243;][nectar_btn size=&#8221;jumbo&#8221; button_style=&#8221;regular&#8221; button_color_2=&#8221;Accent-Color&#8221; icon_family=&#8221;none&#8221; el_class=&#8221;fullbutton2&#8243; url=&#8221;\/fi\/hua-hin&#8221; text=&#8221;Lue lis\u00e4\u00e4 mit\u00e4 tehd\u00e4 Hua Hinissa&#8221; margin_top=&#8221;30&#8243; css_animation=&#8221;pulse&#8221;][divider line_type=&#8221;No Line&#8221; custom_height=&#8221;30&#8243;][image_with_animation image_url=&#8221;386&#8243; alignment=&#8221;&#8221; animation=&#8221;None&#8221; border_radius=&#8221;none&#8221; box_shadow=&#8221;none&#8221; max_width=&#8221;100%&#8221;][\/vc_column][\/vc_row][vc_row type=&#8221;in_container&#8221; full_screen_row_position=&#8221;middle&#8221; scene_position=&#8221;center&#8221; text_color=&#8221;dark&#8221; text_align=&#8221;left&#8221; class=&#8221;markki&#8221; overlay_strength=&#8221;0.3&#8243; shape_divider_position=&#8221;bottom&#8221; shape_type=&#8221;&#8221;][vc_column centered_text=&#8221;true&#8221; column_padding=&#8221;padding-5-percent&#8221; column_padding_position=&#8221;all&#8221; background_color=&#8221;#f9f9f9&#8243; background_color_opacity=&#8221;1&#8243; background_hover_color_opacity=&#8221;1&#8243; column_shadow=&#8221;none&#8221; column_border_radius=&#8221;none&#8221; width=&#8221;1\/1&#8243; tablet_text_alignment=&#8221;default&#8221; phone_text_alignment=&#8221;default&#8221; column_border_width=&#8221;none&#8221; column_border_style=&#8221;solid&#8221;][nectar_single_testimonial testimonial_style=&#8221;small_modern&#8221; color=&#8221;Default&#8221; quote=&#8221;Vaikeat toivomukset toteutamme v\u00e4litt\u00f6m\u00e4sti \u2013 mahdottomissa saattaa menn\u00e4 v\u00e4h\u00e4n pitemp\u00e4\u00e4n.&#8221; name=&#8221;MOTTOMME&#8221;][\/vc_column][\/vc_row][vc_row type=&#8221;in_container&#8221; full_screen_row_position=&#8221;middle&#8221; scene_position=&#8221;center&#8221; text_color=&#8221;dark&#8221; text_align=&#8221;left&#8221; bottom_padding=&#8221;50&#8243; overlay_strength=&#8221;0.3&#8243; shape_divider_position=&#8221;bottom&#8221; shape_type=&#8221;&#8221;][vc_column centered_text=&#8221;true&#8221; column_padding=&#8221;no-extra-padding&#8221; column_padding_position=&#8221;all&#8221; background_color_opacity=&#8221;1&#8243; background_hover_color_opacity=&#8221;1&#8243; column_shadow=&#8221;none&#8221; column_border_radius=&#8221;none&#8221; width=&#8221;1\/1&#8243; tablet_text_alignment=&#8221;default&#8221; phone_text_alignment=&#8221;default&#8221; column_border_width=&#8221;none&#8221; column_border_style=&#8221;solid&#8221;][nectar_btn size=&#8221;jumbo&#8221; button_style=&#8221;regular&#8221; button_color_2=&#8221;Accent-Color&#8221; icon_family=&#8221;none&#8221; el_class=&#8221;fullbutton&#8221; url=&#8221;\/fi\/varaa-huone&#8221; text=&#8221;Tee huonevaraus&#8221; margin_top=&#8221;30&#8243; css_animation=&#8221;pulse&#8221;][\/vc_column][\/vc_row]\n","protected":false},"excerpt":{"rendered":"<p>[vc_row type=&#8221;full_width_background&#8221; full_screen_row_position=&#8221;middle&#8221; bg_image=&#8221;238&#8243; bg_position=&#8221;center center&#8221; bg_repeat=&#8221;no-repeat&#8221; scene_position=&#8221;center&#8221; text_color=&#8221;light&#8221; text_align=&#8221;left&#8221; top_padding=&#8221;250&#8243; bottom_padding=&#8221;150&#8243; color_overlay=&#8221;#000000&#8243; overlay_strength=&#8221;0.5&#8243; enable_shape_divider=&#8221;true&#8221; shape_divider_color=&#8221;#ffffff&#8221; shape_divider_position=&#8221;bottom&#8221; shape_divider_height=&#8221;150&#8243; shape_divider_bring_to_front=&#8221;true&#8221; shape_type=&#8221;waves_opacity_alt&#8221;][vc_column column_padding=&#8221;no-extra-padding&#8221; column_padding_position=&#8221;all&#8221; background_color_opacity=&#8221;1&#8243; background_hover_color_opacity=&#8221;1&#8243; column_shadow=&#8221;none&#8221; column_border_radius=&#8221;none&#8221; width=&#8221;1\/1&#8243; tablet_text_alignment=&#8221;default&#8221; phone_text_alignment=&#8221;default&#8221; column_border_width=&#8221;none&#8221;&#8230;<\/p>\n","protected":false},"author":3,"featured_media":0,"parent":0,"menu_order":0,"comment_status":"closed","ping_status":"closed","template":"","meta":{"footnotes":""},"class_list":["post-549","page","type-page","status-publish"],"_links":{"self":[{"href":"https:\/\/evergreenhuahin.com\/fi\/wp-json\/wp\/v2\/pages\/549","targetHints":{"allow":["GET"]}}],"collection":[{"href":"https:\/\/evergreenhuahin.com\/fi\/wp-json\/wp\/v2\/pages"}],"about":[{"href":"https:\/\/evergreenhuahin.com\/fi\/wp-json\/wp\/v2\/types\/page"}],"author":[{"embeddable":true,"href":"https:\/\/evergreenhuahin.com\/fi\/wp-json\/wp\/v2\/users\/3"}],"replies":[{"embeddable":true,"href":"https:\/\/evergreenhuahin.com\/fi\/wp-json\/wp\/v2\/comments?post=549"}],"version-history":[{"count":4,"href":"https:\/\/evergreenhuahin.com\/fi\/wp-json\/wp\/v2\/pages\/549\/revisions"}],"predecessor-version":[{"id":616,"href":"https:\/\/evergreenhuahin.com\/fi\/wp-json\/wp\/v2\/pages\/549\/revisions\/616"}],"wp:attachment":[{"href":"https:\/\/evergreenhuahin.com\/fi\/wp-json\/wp\/v2\/media?parent=549"}],"curies":[{"name":"wp","href":"https:\/\/api.w.org\/{rel}","templated":true}]}}