{"id":550,"date":"2017-10-28T02:02:24","date_gmt":"2017-10-27T19:02:24","guid":{"rendered":"http:\/\/evergreenhuahin.kajahdus.fi\/rooms"},"modified":"2017-12-20T01:42:28","modified_gmt":"2017-12-19T18:42:28","slug":"huoneet","status":"publish","type":"page","link":"https:\/\/evergreenhuahin.com\/fi\/huoneet","title":{"rendered":"Huoneet"},"content":{"rendered":"[vc_row type=&#8221;full_width_background&#8221; full_screen_row_position=&#8221;middle&#8221; bg_image=&#8221;122&#8243; bg_position=&#8221;center center&#8221; bg_repeat=&#8221;no-repeat&#8221; scene_position=&#8221;center&#8221; text_color=&#8221;light&#8221; text_align=&#8221;left&#8221; top_padding=&#8221;250&#8243; bottom_padding=&#8221;150&#8243; color_overlay=&#8221;#000000&#8243; overlay_strength=&#8221;0.5&#8243; enable_shape_divider=&#8221;true&#8221; shape_divider_color=&#8221;#ffffff&#8221; shape_divider_position=&#8221;bottom&#8221; shape_divider_height=&#8221;150&#8243; shape_divider_bring_to_front=&#8221;true&#8221; shape_type=&#8221;waves_opacity_alt&#8221;][vc_column column_padding=&#8221;no-extra-padding&#8221; column_padding_position=&#8221;all&#8221; background_color_opacity=&#8221;1&#8243; background_hover_color_opacity=&#8221;1&#8243; column_shadow=&#8221;none&#8221; column_border_radius=&#8221;none&#8221; width=&#8221;1\/1&#8243; tablet_text_alignment=&#8221;default&#8221; phone_text_alignment=&#8221;default&#8221; column_border_width=&#8221;none&#8221; column_border_style=&#8221;solid&#8221;][vc_column_text]\n<h1>Huoneemme<\/h1>\n[\/vc_column_text][\/vc_column][\/vc_row][vc_row type=&#8221;in_container&#8221; full_screen_row_position=&#8221;middle&#8221; scene_position=&#8221;center&#8221; text_color=&#8221;dark&#8221; text_align=&#8221;left&#8221; top_padding=&#8221;50&#8243; overlay_strength=&#8221;0.3&#8243; shape_divider_position=&#8221;top&#8221; shape_type=&#8221;waves_opacity&#8221;][vc_column column_padding=&#8221;padding-2-percent&#8221; column_padding_position=&#8221;right&#8221; background_color_opacity=&#8221;1&#8243; background_hover_color_opacity=&#8221;1&#8243; column_shadow=&#8221;none&#8221; column_border_radius=&#8221;none&#8221; width=&#8221;1\/2&#8243; tablet_text_alignment=&#8221;default&#8221; phone_text_alignment=&#8221;default&#8221; column_border_width=&#8221;none&#8221; column_border_style=&#8221;solid&#8221;][vc_column_text]\n<h2>Mukavaa oleskelua<\/h2>\n[\/vc_column_text][divider line_type=&#8221;Small Line&#8221; line_thickness=&#8221;3&#8243; divider_color=&#8221;accent-color&#8221; animate=&#8221;yes&#8221; custom_height=&#8221;50&#8243; custom_line_width=&#8221;200&#8243;][vc_column_text]Evergreenin huoneet rakennettiin muistuttamaan viiden t\u00e4hden hotellien pikkusviittej\u00e4. Kaikista huoneista on n\u00e4kym\u00e4 uima-altaalle, ja alakerran huoneista voit astua suoraan liukuovesta altaaseen. Rakennus on tyylilt\u00e4\u00e4n moderni, mutta siin\u00e4 on viitteit\u00e4 perinteiseen thaityyliin. Esimerkiksi jokaisessa huoneessa on yli satavuotiaan tiikkisen thaitalon sein\u00e4.<\/p>\n<p>Huoneiden koot vaihtelevat v\u00e4lill\u00e4 35 m<sup>2<\/sup> \u2013 50 m<sup>2<\/sup>. Huoneissa on erilliset oleskelunurkkaukset, ja kaikki huoneet on kalustettu eri tavalla.[\/vc_column_text][divider line_type=&#8221;No Line&#8221; custom_height=&#8221;30&#8243;][vc_column_text]\n<h3><strong>Kaikissa huoneissa on<\/strong><\/h3>\n[\/vc_column_text][divider line_type=&#8221;No Line&#8221; custom_height=&#8221;30&#8243;][vc_row_inner column_margin=&#8221;default&#8221; text_align=&#8221;left&#8221;][vc_column_inner column_padding=&#8221;no-extra-padding&#8221; column_padding_position=&#8221;all&#8221; background_color_opacity=&#8221;1&#8243; background_hover_color_opacity=&#8221;1&#8243; column_shadow=&#8221;none&#8221; column_border_radius=&#8221;none&#8221; width=&#8221;1\/2&#8243; column_border_width=&#8221;none&#8221; column_border_style=&#8221;solid&#8221;]<div class=\"nectar-fancy-ul\" data-list-icon=\"fa fa-check\" data-animation=\"false\" data-animation-delay=\"0\" data-color=\"accent-color\" data-spacing=\"default\" data-alignment=\"left\"> \n<ul>\n<li>Puulattiat<\/li>\n<li>Patio tai parveke altaalle<\/li>\n<li>Erilliset makuu- ja oleskelutilat<\/li>\n<li>Laadukas ilmastointi<\/li>\n<li>Kattotuulettimet<\/li>\n<li>Tallelokero<\/li>\n<li>Ilmainen WIFI<\/li>\n<\/ul>\n <\/div>[\/vc_column_inner][vc_column_inner column_padding=&#8221;no-extra-padding&#8221; column_padding_position=&#8221;all&#8221; background_color_opacity=&#8221;1&#8243; background_hover_color_opacity=&#8221;1&#8243; column_shadow=&#8221;none&#8221; column_border_radius=&#8221;none&#8221; width=&#8221;1\/2&#8243; column_border_width=&#8221;none&#8221; column_border_style=&#8221;solid&#8221;]<div class=\"nectar-fancy-ul\" data-list-icon=\"fa fa-check\" data-animation=\"false\" data-animation-delay=\"0\" data-color=\"accent-color\" data-spacing=\"default\" data-alignment=\"left\"> \n<ul>\n<li>J\u00e4\u00e4kaappi<\/li>\n<li>Mukavat vuoteet<\/li>\n<li>Thaityyliset puiset huonekalut<\/li>\n<li>Kaapeli-TV<\/li>\n<li>DVD-soitin<\/li>\n<li>Lis\u00e4vuodemahdollisuus<\/li>\n<li>Kahvinkeitin<\/li>\n<\/ul>\n <\/div>[\/vc_column_inner][\/vc_row_inner][vc_column_text]\n<h3><strong>Huoneenluovutus<\/strong><\/h3>\n[\/vc_column_text][divider line_type=&#8221;No Line&#8221; custom_height=&#8221;30&#8243;][vc_column_text]Kansainv\u00e4lisen k\u00e4yt\u00e4nn\u00f6n mukaan 12:00. My\u00f6h\u00e4isten l\u00e4ht\u00f6jen osalta olemme mahdollisuuksien mukaan mahdollisimman joustavia.[\/vc_column_text][divider line_type=&#8221;No Line&#8221; custom_height=&#8221;30&#8243;][vc_column_text]\n<h3><strong>Ilmastointi<\/strong><\/h3>\n[\/vc_column_text][divider line_type=&#8221;No Line&#8221; custom_height=&#8221;30&#8243;][vc_column_text]Ilmastointi k\u00e4ynnistyy kaukos\u00e4\u00e4timest\u00e4 (kaksoispiippaus ja kolmen sekunnin viive).<\/p>\n<p>L\u00e4mp\u00f6tilaa ei suositella s\u00e4\u00e4dett\u00e4v\u00e4ksi alle 24 asteen \u2013 liian kylm\u00e4 puhallus aiheuttaa helposti sinulle flunssan ja tuloilmalaitteeseen kondenssia.[\/vc_column_text][divider line_type=&#8221;No Line&#8221; custom_height=&#8221;30&#8243;][\/vc_column][vc_column column_padding=&#8221;no-extra-padding&#8221; column_padding_position=&#8221;all&#8221; background_color_opacity=&#8221;1&#8243; background_hover_color_opacity=&#8221;1&#8243; column_shadow=&#8221;none&#8221; column_border_radius=&#8221;none&#8221; width=&#8221;1\/2&#8243; tablet_text_alignment=&#8221;default&#8221; phone_text_alignment=&#8221;default&#8221; column_border_width=&#8221;none&#8221; column_border_style=&#8221;solid&#8221;][vc_gallery type=&#8221;parallax_image_grid&#8221; images=&#8221;122,123,189,200,201,209,218,219&#8243; img_size=&#8221;600&#215;400&#8243;][\/vc_column][\/vc_row][vc_row type=&#8221;in_container&#8221; full_screen_row_position=&#8221;middle&#8221; scene_position=&#8221;center&#8221; text_color=&#8221;dark&#8221; text_align=&#8221;left&#8221; class=&#8221;markki&#8221; overlay_strength=&#8221;0.3&#8243; shape_divider_position=&#8221;bottom&#8221; shape_type=&#8221;&#8221;][vc_column centered_text=&#8221;true&#8221; column_padding=&#8221;padding-5-percent&#8221; column_padding_position=&#8221;all&#8221; background_color=&#8221;#f9f9f9&#8243; background_color_opacity=&#8221;1&#8243; background_hover_color_opacity=&#8221;1&#8243; column_shadow=&#8221;none&#8221; column_border_radius=&#8221;none&#8221; width=&#8221;1\/1&#8243; tablet_text_alignment=&#8221;default&#8221; phone_text_alignment=&#8221;default&#8221; column_border_width=&#8221;none&#8221; column_border_style=&#8221;solid&#8221;][nectar_single_testimonial testimonial_style=&#8221;small_modern&#8221; color=&#8221;Default&#8221; quote=&#8221;Vaikeat toivomukset toteutamme v\u00e4litt\u00f6m\u00e4sti \u2013 mahdottomissa saattaa menn\u00e4 v\u00e4h\u00e4n pitemp\u00e4\u00e4n.&#8221; name=&#8221;MOTTOMME&#8221;][\/vc_column][\/vc_row][vc_row type=&#8221;in_container&#8221; full_screen_row_position=&#8221;middle&#8221; scene_position=&#8221;center&#8221; text_color=&#8221;dark&#8221; text_align=&#8221;left&#8221; bottom_padding=&#8221;50&#8243; overlay_strength=&#8221;0.3&#8243; shape_divider_position=&#8221;bottom&#8221; shape_type=&#8221;&#8221;][vc_column centered_text=&#8221;true&#8221; column_padding=&#8221;no-extra-padding&#8221; column_padding_position=&#8221;all&#8221; background_color_opacity=&#8221;1&#8243; background_hover_color_opacity=&#8221;1&#8243; column_shadow=&#8221;none&#8221; column_border_radius=&#8221;none&#8221; width=&#8221;1\/1&#8243; tablet_text_alignment=&#8221;default&#8221; phone_text_alignment=&#8221;default&#8221; column_border_width=&#8221;none&#8221; column_border_style=&#8221;solid&#8221;][nectar_btn size=&#8221;jumbo&#8221; button_style=&#8221;regular&#8221; button_color_2=&#8221;Accent-Color&#8221; icon_family=&#8221;none&#8221; el_class=&#8221;fullbutton&#8221; url=&#8221;\/fi\/varaa-huone&#8221; text=&#8221;Tee huonevaraus&#8221; margin_top=&#8221;30&#8243; css_animation=&#8221;pulse&#8221;][\/vc_column][\/vc_row]\n","protected":false},"excerpt":{"rendered":"<p>[vc_row type=&#8221;full_width_background&#8221; full_screen_row_position=&#8221;middle&#8221; bg_image=&#8221;122&#8243; bg_position=&#8221;center center&#8221; bg_repeat=&#8221;no-repeat&#8221; scene_position=&#8221;center&#8221; text_color=&#8221;light&#8221; text_align=&#8221;left&#8221; top_padding=&#8221;250&#8243; bottom_padding=&#8221;150&#8243; color_overlay=&#8221;#000000&#8243; overlay_strength=&#8221;0.5&#8243; enable_shape_divider=&#8221;true&#8221; shape_divider_color=&#8221;#ffffff&#8221; shape_divider_position=&#8221;bottom&#8221; shape_divider_height=&#8221;150&#8243; shape_divider_bring_to_front=&#8221;true&#8221; shape_type=&#8221;waves_opacity_alt&#8221;][vc_column column_padding=&#8221;no-extra-padding&#8221; column_padding_position=&#8221;all&#8221; background_color_opacity=&#8221;1&#8243; background_hover_color_opacity=&#8221;1&#8243; column_shadow=&#8221;none&#8221; column_border_radius=&#8221;none&#8221; width=&#8221;1\/1&#8243; tablet_text_alignment=&#8221;default&#8221; phone_text_alignment=&#8221;default&#8221; column_border_width=&#8221;none&#8221;&#8230;<\/p>\n","protected":false},"author":3,"featured_media":0,"parent":0,"menu_order":0,"comment_status":"closed","ping_status":"closed","template":"","meta":{"footnotes":""},"class_list":["post-550","page","type-page","status-publish"],"_links":{"self":[{"href":"https:\/\/evergreenhuahin.com\/fi\/wp-json\/wp\/v2\/pages\/550","targetHints":{"allow":["GET"]}}],"collection":[{"href":"https:\/\/evergreenhuahin.com\/fi\/wp-json\/wp\/v2\/pages"}],"about":[{"href":"https:\/\/evergreenhuahin.com\/fi\/wp-json\/wp\/v2\/types\/page"}],"author":[{"embeddable":true,"href":"https:\/\/evergreenhuahin.com\/fi\/wp-json\/wp\/v2\/users\/3"}],"replies":[{"embeddable":true,"href":"https:\/\/evergreenhuahin.com\/fi\/wp-json\/wp\/v2\/comments?post=550"}],"version-history":[{"count":4,"href":"https:\/\/evergreenhuahin.com\/fi\/wp-json\/wp\/v2\/pages\/550\/revisions"}],"predecessor-version":[{"id":615,"href":"https:\/\/evergreenhuahin.com\/fi\/wp-json\/wp\/v2\/pages\/550\/revisions\/615"}],"wp:attachment":[{"href":"https:\/\/evergreenhuahin.com\/fi\/wp-json\/wp\/v2\/media?parent=550"}],"curies":[{"name":"wp","href":"https:\/\/api.w.org\/{rel}","templated":true}]}}